{"id":352,"date":"2020-01-20T10:06:50","date_gmt":"2020-01-20T10:06:50","guid":{"rendered":"https:\/\/paulibarra.es\/?page_id=352"},"modified":"2025-12-18T16:39:08","modified_gmt":"2025-12-18T16:39:08","slug":"quien-soy","status":"publish","type":"page","link":"https:\/\/paulibarra.es\/es\/quien-soy\/","title":{"rendered":"Quien soy"},"content":{"rendered":"\t\t<div data-elementor-type=\"wp-page\" data-elementor-id=\"352\" class=\"elementor elementor-352\" data-elementor-post-type=\"page\">\n\t\t\t\t\t\t\t\t\t<section class=\"elementor-section elementor-top-section elementor-element elementor-element-b3a3d79 elementor-section-stretched elementor-section-height-min-height elementor-section-boxed elementor-section-height-default elementor-section-items-middle\" data-id=\"b3a3d79\" data-element_type=\"section\" data-settings=\"{&quot;stretch_section&quot;:&quot;section-stretched&quot;,&quot;background_background&quot;:&quot;classic&quot;}\">\n\t\t\t\t\t\t<div class=\"elementor-container elementor-column-gap-default\">\n\t\t\t\t\t<div class=\"elementor-column elementor-col-100 elementor-top-column elementor-element elementor-element-81e4ddf\" data-id=\"81e4ddf\" data-element_type=\"column\">\n\t\t\t<div class=\"elementor-widget-wrap\">\n\t\t\t\t\t\t\t\t\t<\/div>\n\t\t<\/div>\n\t\t\t\t\t\t\t<\/div>\n\t\t<\/section>\n\t\t\t\t<section class=\"elementor-section elementor-top-section elementor-element elementor-element-9d39cca elementor-section-stretched elementor-section-boxed elementor-section-height-default elementor-section-height-default\" data-id=\"9d39cca\" data-element_type=\"section\" data-settings=\"{&quot;stretch_section&quot;:&quot;section-stretched&quot;,&quot;background_background&quot;:&quot;classic&quot;}\">\n\t\t\t\t\t\t<div class=\"elementor-container elementor-column-gap-wider\">\n\t\t\t\t\t<div class=\"elementor-column elementor-col-50 elementor-top-column elementor-element elementor-element-e85d4d5\" data-id=\"e85d4d5\" data-element_type=\"column\">\n\t\t\t<div class=\"elementor-widget-wrap elementor-element-populated\">\n\t\t\t\t\t\t\t\t<div class=\"elementor-element elementor-element-500fae1 elementor-widget elementor-widget-heading\" data-id=\"500fae1\" data-element_type=\"widget\" data-widget_type=\"heading.default\">\n\t\t\t\t<div class=\"elementor-widget-container\">\n\t\t\t<h2 class=\"elementor-heading-title elementor-size-default\">Mi historia<\/h2>\t\t<\/div>\n\t\t\t\t<\/div>\n\t\t\t\t<div class=\"elementor-element elementor-element-c25a7ce elementor-widget elementor-widget-text-editor\" data-id=\"c25a7ce\" data-element_type=\"widget\" data-widget_type=\"text-editor.default\">\n\t\t\t\t<div class=\"elementor-widget-container\">\n\t\t\t\t\t\t\t<p>Actor vasco apasionado por transmitir sentimientos y reflexiones mediante la interpretaci\u00f3n para poder mejorarnos como personas y as\u00ed disfrutar de la vida.<\/p><p>Positivo, activo, con preocupaci\u00f3n social y capacidad de adaptaci\u00f3n.<\/p><p>Desde siempre me ha gustado actuar, aunque lo haya hecho espor\u00e1dicamente durante la juventud, hace no tanto que me estoy dedicando plenamente a ello. Durante varios a\u00f1os me dediqu\u00e9 a la investigaci\u00f3n de los problemas sociales, en la universidad y posteriori en la academia. Aunque todav\u00eda, tenga inter\u00e9s, no era algo que me llenaba, entonces se alienaron los astros. Mis intereses, condiciones y capacidades se juntaron en el camino para convertirme en actor.<\/p><p>Mis comienzos fueron en Donosti en la academia Binahi y en la Escuela de Cine y Video de Andoain. Poco a poco, con obras de teatro, cortos, spots etc, cada vez, me iba gustando m\u00e1s y la apuesta era m\u00e1s grande. Entonces, decid\u00ed venir a Madrid a estudiar y a trabajar en proyectos.<\/p>\t\t\t\t\t\t<\/div>\n\t\t\t\t<\/div>\n\t\t\t\t\t<\/div>\n\t\t<\/div>\n\t\t\t\t<div class=\"elementor-column elementor-col-50 elementor-top-column elementor-element elementor-element-ade833b\" data-id=\"ade833b\" data-element_type=\"column\">\n\t\t\t<div class=\"elementor-widget-wrap elementor-element-populated\">\n\t\t\t\t\t\t\t\t<div class=\"elementor-element elementor-element-da5b163 elementor-widget elementor-widget-image\" data-id=\"da5b163\" data-element_type=\"widget\" data-widget_type=\"image.default\">\n\t\t\t\t<div class=\"elementor-widget-container\">\n\t\t\t\t\t\t\t\t\t\t\t\t\t\t\t<img decoding=\"async\" width=\"683\" height=\"1024\" src=\"https:\/\/paulibarra.es\/wp-content\/uploads\/2025\/07\/General-4-Paul-Ibarra-Moi-683x1024.jpg\" class=\"attachment-large size-large wp-image-2822\" alt=\"\" srcset=\"https:\/\/paulibarra.es\/wp-content\/uploads\/2025\/07\/General-4-Paul-Ibarra-Moi-683x1024.jpg 683w, https:\/\/paulibarra.es\/wp-content\/uploads\/2025\/07\/General-4-Paul-Ibarra-Moi-200x300.jpg 200w, https:\/\/paulibarra.es\/wp-content\/uploads\/2025\/07\/General-4-Paul-Ibarra-Moi-768x1152.jpg 768w, https:\/\/paulibarra.es\/wp-content\/uploads\/2025\/07\/General-4-Paul-Ibarra-Moi-1024x1536.jpg 1024w, https:\/\/paulibarra.es\/wp-content\/uploads\/2025\/07\/General-4-Paul-Ibarra-Moi-1365x2048.jpg 1365w, https:\/\/paulibarra.es\/wp-content\/uploads\/2025\/07\/General-4-Paul-Ibarra-Moi-scaled.jpg 1707w\" sizes=\"(max-width: 683px) 100vw, 683px\" \/>\t\t\t\t\t\t\t\t\t\t\t\t\t\t\t<\/div>\n\t\t\t\t<\/div>\n\t\t\t\t\t<\/div>\n\t\t<\/div>\n\t\t\t\t\t\t\t<\/div>\n\t\t<\/section>\n\t\t\t\t\t\t\t<\/div>\n\t\t","protected":false},"excerpt":{"rendered":"<p>Mi historia Actor vasco apasionado por transmitir sentimientos y reflexiones mediante la interpretaci\u00f3n para poder mejorarnos como personas y as\u00ed disfrutar de la vida. Positivo, activo, con preocupaci\u00f3n social y capacidad de adaptaci\u00f3n. Desde siempre me ha gustado actuar, aunque lo haya hecho espor\u00e1dicamente durante la juventud, hace no tanto que me estoy dedicando plenamente [&hellip;]<\/p>\n","protected":false},"author":1,"featured_media":0,"parent":0,"menu_order":0,"comment_status":"closed","ping_status":"closed","template":"elementor_header_footer","meta":{"footnotes":""},"class_list":["post-352","page","type-page","status-publish","hentry"],"_links":{"self":[{"href":"https:\/\/paulibarra.es\/es\/wp-json\/wp\/v2\/pages\/352","targetHints":{"allow":["GET"]}}],"collection":[{"href":"https:\/\/paulibarra.es\/es\/wp-json\/wp\/v2\/pages"}],"about":[{"href":"https:\/\/paulibarra.es\/es\/wp-json\/wp\/v2\/types\/page"}],"author":[{"embeddable":true,"href":"https:\/\/paulibarra.es\/es\/wp-json\/wp\/v2\/users\/1"}],"replies":[{"embeddable":true,"href":"https:\/\/paulibarra.es\/es\/wp-json\/wp\/v2\/comments?post=352"}],"version-history":[{"count":60,"href":"https:\/\/paulibarra.es\/es\/wp-json\/wp\/v2\/pages\/352\/revisions"}],"predecessor-version":[{"id":2960,"href":"https:\/\/paulibarra.es\/es\/wp-json\/wp\/v2\/pages\/352\/revisions\/2960"}],"wp:attachment":[{"href":"https:\/\/paulibarra.es\/es\/wp-json\/wp\/v2\/media?parent=352"}],"curies":[{"name":"wp","href":"https:\/\/api.w.org\/{rel}","templated":true}]}}